{"id":6,"date":"2015-10-14T21:53:27","date_gmt":"2015-10-14T19:53:27","guid":{"rendered":"http:\/\/www.rad-team.at\/?page_id=6"},"modified":"2025-01-02T11:41:27","modified_gmt":"2025-01-02T10:41:27","slug":"home","status":"publish","type":"page","link":"https:\/\/www.rad-team.at\/?page_id=6","title":{"rendered":"Home"},"content":{"rendered":"<p><!--themify_builder_static--><\/p>\n<h1>H+H Rad Team<\/h1>\n<h5 style=\"text-align: left;\"><strong>\u00a0 Life is too short \u2013 don\u00b4t waste it, go cycling!<\/strong><\/h5>\n<p><a href=\"https:\/\/www.reparaturbonus.at\/\"><img decoding=\"async\" loading=\"lazy\" src=\"http:\/\/www.rad-team.at\/wp-content\/uploads\/2024\/12\/Schild_A5-1024x722.jpg\" alt=\"\" width=\"433\" height=\"305\" srcset=\"http:\/\/www.rad-team.at\/wp-content\/uploads\/2024\/12\/Schild_A5-1024x722.jpg 1024w, http:\/\/www.rad-team.at\/wp-content\/uploads\/2024\/12\/Schild_A5-300x211.jpg 300w, http:\/\/www.rad-team.at\/wp-content\/uploads\/2024\/12\/Schild_A5-768x541.jpg 768w, http:\/\/www.rad-team.at\/wp-content\/uploads\/2024\/12\/Schild_A5-1536x1082.jpg 1536w, http:\/\/www.rad-team.at\/wp-content\/uploads\/2024\/12\/Schild_A5-2048x1443.jpg 2048w\" sizes=\"(max-width: 433px) 100vw, 433px\" \/><\/a><\/p>\n<p><img decoding=\"async\" loading=\"lazy\" src=\"http:\/\/www.rad-team.at\/wp-content\/uploads\/2015\/10\/rep-300x200.jpg\" width=\"300\" height=\"200\" title=\"Reparatur - schnell und zuverl\u00e4ssig\" alt=\"Unser wichtigstes Anliegen ist es,Ihnen Wartezeiten f\u00fcr Reparaturen,speziell w\u00e4hrend der Hauptsaison, so kurz wie nur m\u00f6glich zu halten. Wir sind stets darum bem\u00fcht, die W\u00fcnsche unserer Kunden bestens zufrieden zu stellen.\"> <\/p>\n<h3> Reparatur &#8211; schnell und zuverl\u00e4ssig <\/h3>\n<p> Unser wichtigstes Anliegen ist es,Ihnen Wartezeiten f\u00fcr Reparaturen,speziell w\u00e4hrend der Hauptsaison, so kurz wie nur m\u00f6glich zu halten. Wir sind stets darum bem\u00fcht, die W\u00fcnsche unserer Kunden bestens zufrieden zu stellen.<br \/>\n<img decoding=\"async\" loading=\"lazy\" src=\"http:\/\/www.rad-team.at\/wp-content\/uploads\/2015\/10\/189789-300x200.jpg\" width=\"300\" height=\"200\" title=\"Zubeh\u00f6r &amp; Ersatzteile\" alt=\"Dar\u00fcber hinaus biete ich Ihnen neben professaioneller Beratung und prompten Servicearbeiten auch s\u00e4mtliches Zubeh\u00f6r aller Fahrradtypen an!\"> <\/p>\n<h3> Zubeh\u00f6r &#038; Ersatzteile <\/h3>\n<p> Dar\u00fcber hinaus biete ich Ihnen neben professaioneller Beratung und prompten Servicearbeiten auch s\u00e4mtliches Zubeh\u00f6r aller Fahrradtypen an!<br \/>\n<img decoding=\"async\" loading=\"lazy\" src=\"http:\/\/www.rad-team.at\/wp-content\/uploads\/2015\/10\/Mountainbike-300x200.png\" width=\"300\" height=\"200\" title=\"Mountainbike, Trekkingbike, Rennrad &amp; E-Bike\" alt=\"In meiner Werkstatt k\u00fcmmere ich mich liebevoll um dein Rad \u2013 egal ob Inspektion, Wartung, Reparatur oder individuelle Anpassung. Mit hochwertigen Ersatzteilen und Zubeh\u00f6r sorge ich f\u00fcr ein rundum zufriedenstellendes Ergebnis. Schnelle Termine, transparente Preise und kostenlose Beratung runden meinen Service ab.\"> <\/p>\n<h3> Mountainbike, Trekkingbike, Rennrad &#038; E-Bike <\/h3>\n<p> In meiner Werkstatt k\u00fcmmere ich mich liebevoll um dein Rad \u2013 egal ob Inspektion, Wartung, Reparatur oder individuelle Anpassung. Mit hochwertigen Ersatzteilen und Zubeh\u00f6r sorge ich f\u00fcr ein rundum zufriedenstellendes Ergebnis. Schnelle Termine, transparente Preise und kostenlose Beratung runden meinen Service ab.<\/p>\n<h2><strong>Zu meinen Serviceleistungen geh\u00f6ren:<\/strong><\/h2>\n<ul>\n<li>Bremsen- und Schaltwerksservice:\u00a0Ich \u00fcberpr\u00fcfe und justiere deine Bremsen und Schaltung, damit du immer die volle Kontrolle \u00fcber dein Fahrrad hast.<\/li>\n<li>Antriebsservice:\u00a0Ich reinige und schmiere deine Kette und Kassette, damit dein Fahrrad leichtg\u00e4ngig und effizient l\u00e4uft.<\/li>\n<li>Reifen- und Schlauchservice:\u00a0Ich \u00fcberpr\u00fcfe deine Reifen auf Profil und Luftdruck und flicke oder ersetzen Schl\u00e4uche bei Bedarf.<\/li>\n<li>Montage und Einstellung von Fahrradteilen:\u00a0Ich montiere und stelle Fahrradteile wie Lenker, Vorbau, Sattel und St\u00fctzen fachgerecht ein.<\/li>\n<li>Individuelle Anpassungen:\u00a0Ich passe dein Fahrrad an deine individuellen Bed\u00fcrfnisse und Fahrstile an.\u00a0<\/li>\n<\/ul>\n<p><strong>Egal ob E-Bike, MTB, Gravel, Rennrad, Kinderrad. Nach einem Besuch bei H&amp;H-RADTEAM ist dein Rad wieder fit f\u00fcr die n\u00e4chste Tour!<\/strong><\/p>\n<p><img decoding=\"async\" loading=\"lazy\" src=\"http:\/\/www.rad-team.at\/wp-content\/uploads\/2015\/10\/object1863265074-340x323.png\" width=\"340\" height=\"323\" title=\"object1863265074\" alt=\"object1863265074\" srcset=\"http:\/\/www.rad-team.at\/wp-content\/uploads\/2015\/10\/object1863265074-340x323.png 340w, http:\/\/www.rad-team.at\/wp-content\/uploads\/2015\/10\/object1863265074-300x285.png 300w, http:\/\/www.rad-team.at\/wp-content\/uploads\/2015\/10\/object1863265074.png 410w\" sizes=\"(max-width: 340px) 100vw, 340px\" \/><\/p>\n<p style=\"text-align: left;\">Ich w\u00fcrde mich freuen, auch Sie demn\u00e4chst als Gast in unserem neuen Gesch\u00e4ft begr\u00fc\u00dfen zu d\u00fcrfen!<\/p>\n<h5 style=\"text-align: left;\"><strong><em>Stefan Heger<\/em><\/strong><br \/>H + H Radteam<\/h5>\n<p><!--\/themify_builder_static--><\/p>\n","protected":false},"excerpt":{"rendered":"<p>H+H Rad Team \u00a0 Life is too short \u2013 don\u00b4t waste it, go cycling! Reparatur &#8211; schnell und zuverl\u00e4ssig Unser wichtigstes Anliegen ist es,Ihnen Wartezeiten f\u00fcr Reparaturen,speziell w\u00e4hrend der Hauptsaison, so kurz wie nur m\u00f6glich zu halten. Wir sind stets darum bem\u00fcht, die W\u00fcnsche unserer Kunden bestens zufrieden zu stellen. Zubeh\u00f6r &#038; Ersatzteile Dar\u00fcber hinaus [&hellip;]<\/p>\n","protected":false},"author":1,"featured_media":0,"parent":0,"menu_order":0,"comment_status":"closed","ping_status":"closed","template":"","meta":[],"builder_content":"<h1>H+H Rad Team<\/h1>\n<h5 style=\"text-align: left;\"><strong>\u00a0 Life is too short \u2013 don\u00b4t waste it, go cycling!<\/strong><\/h5>\n<p><a href=\"https:\/\/www.reparaturbonus.at\/\"><img src=\"http:\/\/www.rad-team.at\/wp-content\/uploads\/2024\/12\/Schild_A5-1024x722.jpg\" alt=\"\" width=\"433\" height=\"305\" \/><\/a><\/p>\n<img src=\"http:\/\/www.rad-team.at\/wp-content\/uploads\/2015\/10\/rep.jpg\" width=\"300\" height=\"200\" title=\"Reparatur - schnell und zuverl\u00e4ssig\" alt=\"Unser wichtigstes Anliegen ist es,Ihnen Wartezeiten f\u00fcr Reparaturen,speziell w\u00e4hrend der Hauptsaison, so kurz wie nur m\u00f6glich zu halten. Wir sind stets darum bem\u00fcht, die W\u00fcnsche unserer Kunden bestens zufrieden zu stellen.\"> <h3> Reparatur - schnell und zuverl\u00e4ssig <\/h3> Unser wichtigstes Anliegen ist es,Ihnen Wartezeiten f\u00fcr Reparaturen,speziell w\u00e4hrend der Hauptsaison, so kurz wie nur m\u00f6glich zu halten. Wir sind stets darum bem\u00fcht, die W\u00fcnsche unserer Kunden bestens zufrieden zu stellen.\n<img src=\"http:\/\/www.rad-team.at\/wp-content\/uploads\/2015\/10\/189789.jpg\" width=\"300\" height=\"200\" title=\"Zubeh\u00f6r &amp; Ersatzteile\" alt=\"Dar\u00fcber hinaus biete ich Ihnen neben professaioneller Beratung und prompten Servicearbeiten auch s\u00e4mtliches Zubeh\u00f6r aller Fahrradtypen an!\"> <h3> Zubeh\u00f6r & Ersatzteile <\/h3> Dar\u00fcber hinaus biete ich Ihnen neben professaioneller Beratung und prompten Servicearbeiten auch s\u00e4mtliches Zubeh\u00f6r aller Fahrradtypen an!\n<img src=\"http:\/\/www.rad-team.at\/wp-content\/uploads\/2015\/10\/Mountainbike.png\" width=\"300\" height=\"200\" title=\"Mountainbike, Trekkingbike, Rennrad &amp; E-Bike\" alt=\"In meiner Werkstatt k\u00fcmmere ich mich liebevoll um dein Rad \u2013 egal ob Inspektion, Wartung, Reparatur oder individuelle Anpassung. Mit hochwertigen Ersatzteilen und Zubeh\u00f6r sorge ich f\u00fcr ein rundum zufriedenstellendes Ergebnis. Schnelle Termine, transparente Preise und kostenlose Beratung runden meinen Service ab.\"> <h3> Mountainbike, Trekkingbike, Rennrad & E-Bike <\/h3> In meiner Werkstatt k\u00fcmmere ich mich liebevoll um dein Rad \u2013 egal ob Inspektion, Wartung, Reparatur oder individuelle Anpassung. Mit hochwertigen Ersatzteilen und Zubeh\u00f6r sorge ich f\u00fcr ein rundum zufriedenstellendes Ergebnis. Schnelle Termine, transparente Preise und kostenlose Beratung runden meinen Service ab.\n<h2><strong>Zu meinen Serviceleistungen geh\u00f6ren:<\/strong><\/h2> <ul> <li>Bremsen- und Schaltwerksservice:\u00a0Ich \u00fcberpr\u00fcfe und justiere deine Bremsen und Schaltung, damit du immer die volle Kontrolle \u00fcber dein Fahrrad hast.<\/li> <li>Antriebsservice:\u00a0Ich reinige und schmiere deine Kette und Kassette, damit dein Fahrrad leichtg\u00e4ngig und effizient l\u00e4uft.<\/li> <li>Reifen- und Schlauchservice:\u00a0Ich \u00fcberpr\u00fcfe deine Reifen auf Profil und Luftdruck und flicke oder ersetzen Schl\u00e4uche bei Bedarf.<\/li> <li>Montage und Einstellung von Fahrradteilen:\u00a0Ich montiere und stelle Fahrradteile wie Lenker, Vorbau, Sattel und St\u00fctzen fachgerecht ein.<\/li> <li>Individuelle Anpassungen:\u00a0Ich passe dein Fahrrad an deine individuellen Bed\u00fcrfnisse und Fahrstile an.\u00a0<\/li> <\/ul> <p><strong>Egal ob E-Bike, MTB, Gravel, Rennrad, Kinderrad. Nach einem Besuch bei H&amp;H-RADTEAM ist dein Rad wieder fit f\u00fcr die n\u00e4chste Tour!<\/strong><\/p>\n<img src=\"http:\/\/www.rad-team.at\/wp-content\/uploads\/2015\/10\/object1863265074.png\" width=\"340\" height=\"390\" title=\"Home\" alt=\"Home\">\n<p style=\"text-align: left;\">Ich w\u00fcrde mich freuen, auch Sie demn\u00e4chst als Gast in unserem neuen Gesch\u00e4ft begr\u00fc\u00dfen zu d\u00fcrfen!<\/p> <h5 style=\"text-align: left;\"><strong><em>Stefan Heger<\/em><\/strong><br \/>H + H Radteam<\/h5>","_links":{"self":[{"href":"https:\/\/www.rad-team.at\/index.php?rest_route=\/wp\/v2\/pages\/6"}],"collection":[{"href":"https:\/\/www.rad-team.at\/index.php?rest_route=\/wp\/v2\/pages"}],"about":[{"href":"https:\/\/www.rad-team.at\/index.php?rest_route=\/wp\/v2\/types\/page"}],"author":[{"embeddable":true,"href":"https:\/\/www.rad-team.at\/index.php?rest_route=\/wp\/v2\/users\/1"}],"replies":[{"embeddable":true,"href":"https:\/\/www.rad-team.at\/index.php?rest_route=%2Fwp%2Fv2%2Fcomments&post=6"}],"version-history":[{"count":7,"href":"https:\/\/www.rad-team.at\/index.php?rest_route=\/wp\/v2\/pages\/6\/revisions"}],"predecessor-version":[{"id":592,"href":"https:\/\/www.rad-team.at\/index.php?rest_route=\/wp\/v2\/pages\/6\/revisions\/592"}],"wp:attachment":[{"href":"https:\/\/www.rad-team.at\/index.php?rest_route=%2Fwp%2Fv2%2Fmedia&parent=6"}],"curies":[{"name":"wp","href":"https:\/\/api.w.org\/{rel}","templated":true}]}}